{"id":95,"date":"2023-04-28T19:33:43","date_gmt":"2023-04-28T17:33:43","guid":{"rendered":"https:\/\/hvg.si\/welcome-to-hvg-si-webshop\/"},"modified":"2023-07-03T13:53:22","modified_gmt":"2023-07-03T11:53:22","slug":"welcome-to-hvg-si-webshop","status":"publish","type":"page","link":"https:\/\/hvg.si\/en\/","title":{"rendered":"Welcome to hvg.si webshop"},"content":{"rendered":"\n<p>This is a sample page. Druga\u010dna je od prispevka bloga, ker bo ostala na mestu in se bo v ve\u010dini tem prikazala v navigaciji spleti\u0161\u010da. Ve\u010dina ljudi za\u010dne s stranjo O meni, ki jih predstavi potencialnim obiskovalcem spleti\u0161\u010da. V njej je lahko nekaj podobnega kot to:<\/p>\n\n<blockquote class=\"wp-block-quote is-layout-flow wp-block-quote-is-layout-flow\">\n<p>Hi there! I&#8217;m a bike messenger by day, aspiring actor by night, and this is my website. I live in Los Angeles, have a great dog named Jack, and I like pi\u00f1a coladas. (And gettin&#8217; caught in the rain.)<\/p>\n<\/blockquote>\n\n<p>&#8230; ali nekaj takega:<\/p>\n\n<blockquote class=\"wp-block-quote is-layout-flow wp-block-quote-is-layout-flow\">\n<p>The XYZ Doohickey Company was founded in 1971, and has been providing quality doohickeys to the public ever since. Located in Gotham City, XYZ employs over 2,000 people and does all kinds of awesome things for the Gotham community.<\/p>\n<\/blockquote>\n\n<p>Kot nov uporabnik WordPressa bi morali obiskati va\u0161o <a href=\"http:\/\/hvg.si\/wp-admin\/\">nadzorno plo\u0161\u010do<\/a> za izbris te strani in ustvaritev novih strani za va\u0161o vsebino. Zabavajte se!<\/p>\n","protected":false},"excerpt":{"rendered":"<p>This is a sample page. Druga\u010dna je od prispevka bloga, ker bo ostala na mestu in se bo v ve\u010dini tem prikazala v navigaciji spleti\u0161\u010da. Ve\u010dina ljudi za\u010dne s stranjo O meni, ki jih predstavi potencialnim obiskovalcem spleti\u0161\u010da. V njej je lahko nekaj podobnega kot to: Hi there! I&#8217;m a bike messenger by day, aspiring [&hellip;]<\/p>\n","protected":false},"author":1,"featured_media":0,"parent":0,"menu_order":0,"comment_status":"closed","ping_status":"open","template":"template-homepage.php","meta":{"footnotes":""},"class_list":["post-95","page","type-page","status-publish","hentry"],"_links":{"self":[{"href":"https:\/\/hvg.si\/en\/wp-json\/wp\/v2\/pages\/95","targetHints":{"allow":["GET"]}}],"collection":[{"href":"https:\/\/hvg.si\/en\/wp-json\/wp\/v2\/pages"}],"about":[{"href":"https:\/\/hvg.si\/en\/wp-json\/wp\/v2\/types\/page"}],"author":[{"embeddable":true,"href":"https:\/\/hvg.si\/en\/wp-json\/wp\/v2\/users\/1"}],"replies":[{"embeddable":true,"href":"https:\/\/hvg.si\/en\/wp-json\/wp\/v2\/comments?post=95"}],"version-history":[{"count":1,"href":"https:\/\/hvg.si\/en\/wp-json\/wp\/v2\/pages\/95\/revisions"}],"predecessor-version":[{"id":96,"href":"https:\/\/hvg.si\/en\/wp-json\/wp\/v2\/pages\/95\/revisions\/96"}],"wp:attachment":[{"href":"https:\/\/hvg.si\/en\/wp-json\/wp\/v2\/media?parent=95"}],"curies":[{"name":"wp","href":"https:\/\/api.w.org\/{rel}","templated":true}]}}